{"id":46,"date":"2024-01-29T17:21:14","date_gmt":"2024-01-29T15:21:14","guid":{"rendered":"http:\/\/lucasfix.fi\/?page_id=46"},"modified":"2024-06-26T18:36:44","modified_gmt":"2024-06-26T16:36:44","slug":"fi","status":"publish","type":"page","link":"https:\/\/lucasfix.fi\/","title":{"rendered":"Elektroniikan korjauspalvelu"},"content":{"rendered":"\n<h2 class=\"wp-block-heading\">ja IT-tukipalvelu<\/h2>\n\n\n\n<p>Playstation, Xbox, Nintendo konsolit, emolevyt, tietokoneet, Windows tukipalvelu jne.<\/p>\n\n\n\n<p>Emme t\u00e4ll\u00e4 hetkell\u00e4 korjaa puhelimia tai Applen tuotteita.<\/p>\n\n\n\n<p class=\"has-tertiary-color has-text-color has-link-color wp-elements-325a275629c21535aed337a7977dc69b\">Ota yhteytt\u00e4 tai pyyd\u00e4 tarjous niin katsotaan onko korjaus mahdollista.<\/p>\n\n\n\n<p>-Lucas<\/p>\n","protected":false},"excerpt":{"rendered":"<p>ja IT-tukipalvelu Playstation, Xbox, Nintendo konsolit, emolevyt, tietokoneet, Windows tukipalvelu jne. Emme t\u00e4ll\u00e4 hetkell\u00e4 korjaa puhelimia tai Applen tuotteita. Ota yhteytt\u00e4 tai pyyd\u00e4 tarjous niin katsotaan onko korjaus mahdollista. -Lucas<\/p>\n","protected":false},"author":1,"featured_media":0,"parent":0,"menu_order":0,"comment_status":"closed","ping_status":"closed","template":"","meta":{"neve_meta_sidebar":"","neve_meta_container":"","neve_meta_enable_content_width":"","neve_meta_content_width":0,"neve_meta_title_alignment":"","neve_meta_author_avatar":"","neve_post_elements_order":"","neve_meta_disable_header":"","neve_meta_disable_footer":"","neve_meta_disable_title":"","footnotes":""},"class_list":["post-46","page","type-page","status-publish","hentry"],"_links":{"self":[{"href":"https:\/\/lucasfix.fi\/index.php\/wp-json\/wp\/v2\/pages\/46","targetHints":{"allow":["GET"]}}],"collection":[{"href":"https:\/\/lucasfix.fi\/index.php\/wp-json\/wp\/v2\/pages"}],"about":[{"href":"https:\/\/lucasfix.fi\/index.php\/wp-json\/wp\/v2\/types\/page"}],"author":[{"embeddable":true,"href":"https:\/\/lucasfix.fi\/index.php\/wp-json\/wp\/v2\/users\/1"}],"replies":[{"embeddable":true,"href":"https:\/\/lucasfix.fi\/index.php\/wp-json\/wp\/v2\/comments?post=46"}],"version-history":[{"count":22,"href":"https:\/\/lucasfix.fi\/index.php\/wp-json\/wp\/v2\/pages\/46\/revisions"}],"predecessor-version":[{"id":598,"href":"https:\/\/lucasfix.fi\/index.php\/wp-json\/wp\/v2\/pages\/46\/revisions\/598"}],"wp:attachment":[{"href":"https:\/\/lucasfix.fi\/index.php\/wp-json\/wp\/v2\/media?parent=46"}],"curies":[{"name":"wp","href":"https:\/\/api.w.org\/{rel}","templated":true}]}}