{"id":107,"date":"2024-02-05T15:57:23","date_gmt":"2024-02-05T13:57:23","guid":{"rendered":"http:\/\/lucasfix.fi\/?page_id=107"},"modified":"2024-04-29T14:15:01","modified_gmt":"2024-04-29T12:15:01","slug":"tarjouspyynto","status":"publish","type":"page","link":"https:\/\/lucasfix.fi\/index.php\/tarjouspyynto\/","title":{"rendered":"Tarjouspyynt\u00f6"},"content":{"rendered":"\n<p>Ota meihin yhteytt\u00e4 alla olevalla lomakkeella saadakseesi ilmaisen tarjouksen ja n\u00e4hd\u00e4kseesi, onko korjaus mahdollista.<\/p>\n\n\n<div class=\"wpforms-container wpforms-container-full wpforms-block wpforms-block-a69d4f78-af79-4ad4-a12b-65634de59797 wpforms-render-modern\" id=\"wpforms-131\"><form id=\"wpforms-form-131\" class=\"wpforms-validate wpforms-form wpforms-ajax-form\" data-formid=\"131\" method=\"post\" enctype=\"multipart\/form-data\" action=\"\/index.php\/wp-json\/wp\/v2\/pages\/107\" data-token=\"cc1750af1a86b9520c864f760400b451\" data-token-time=\"1777062214\"><noscript class=\"wpforms-error-noscript\">Please enable JavaScript in your browser to complete this form.<\/noscript><div id=\"wpforms-error-noscript\" style=\"display: none;\">Please enable JavaScript in your browser to complete this form.<\/div><div class=\"wpforms-field-container\"><div id=\"wpforms-131-field_1-container\" class=\"wpforms-field wpforms-field-text\" data-field-id=\"1\"><label class=\"wpforms-field-label\" for=\"wpforms-131-field_1\">Nimi <span class=\"wpforms-required-label\" aria-hidden=\"true\">*<\/span><\/label><input type=\"text\" id=\"wpforms-131-field_1\" class=\"wpforms-field-medium wpforms-field-required\" name=\"wpforms[fields][1]\" aria-errormessage=\"wpforms-131-field_1-error\" required><\/div><div id=\"wpforms-131-field_3-container\" class=\"wpforms-field wpforms-field-email\" data-field-id=\"3\"><label class=\"wpforms-field-label\" for=\"wpforms-131-field_3\">S\u00e4hk\u00f6posti <span class=\"wpforms-required-label\" aria-hidden=\"true\">*<\/span><\/label><input type=\"email\" id=\"wpforms-131-field_3\" class=\"wpforms-field-medium wpforms-field-required\" name=\"wpforms[fields][3]\" spellcheck=\"false\" aria-errormessage=\"wpforms-131-field_3-error\" required><\/div><div id=\"wpforms-131-field_10-container\" class=\"wpforms-field wpforms-field-select wpforms-field-select-style-classic\" data-field-id=\"10\"><label class=\"wpforms-field-label\" for=\"wpforms-131-field_10\">Toimitustapa?<\/label><select id=\"wpforms-131-field_10\" class=\"wpforms-field-medium\" name=\"wpforms[fields][10]\"><option value=\"Postitus\"  class=\"choice-1 depth-1\"  >Postitus<\/option><option value=\"Tuodaan\"  class=\"choice-2 depth-1\"  >Tuodaan<\/option><\/select><\/div><div id=\"wpforms-131-field_5-container\" class=\"wpforms-field wpforms-field-text\" data-field-id=\"5\"><label class=\"wpforms-field-label\" for=\"wpforms-131-field_5\">Laite <span class=\"wpforms-required-label\" aria-hidden=\"true\">*<\/span><\/label><input type=\"text\" id=\"wpforms-131-field_5\" class=\"wpforms-field-medium wpforms-field-required\" name=\"wpforms[fields][5]\" placeholder=\"Esim. Nintendo Switch , Xbox One...\" aria-errormessage=\"wpforms-131-field_5-error\" required><\/div><div id=\"wpforms-131-field_4-container\" class=\"wpforms-field wpforms-field-textarea\" data-field-id=\"4\"><label class=\"wpforms-field-label\" for=\"wpforms-131-field_4\">Laitteen k\u00e4ytt\u00e4ytymist\u00e4<\/label><textarea id=\"wpforms-131-field_4\" class=\"wpforms-field-medium\" name=\"wpforms[fields][4]\" placeholder=\"Kerro laitteen k\u00e4ytt\u00e4ytymist\u00e4 mahdollisimman tarkasti.\" aria-errormessage=\"wpforms-131-field_4-error\" ><\/textarea><\/div><\/div><!-- .wpforms-field-container --><div class=\"wpforms-recaptcha-container wpforms-is-recaptcha wpforms-is-recaptcha-type-invisible\" ><div class=\"g-recaptcha\" data-sitekey=\"6LdD3YUpAAAAAIGEtkXuRn4EO_KOzpsznZcm_RPR\" data-size=\"invisible\"><\/div><\/div><div class=\"wpforms-submit-container\" ><input type=\"hidden\" name=\"wpforms[id]\" value=\"131\"><input type=\"hidden\" name=\"page_title\" value=\"\"><input type=\"hidden\" name=\"page_url\" value=\"https:\/\/lucasfix.fi\/index.php\/wp-json\/wp\/v2\/pages\/107\"><input type=\"hidden\" name=\"url_referer\" value=\"\"><button type=\"submit\" name=\"wpforms[submit]\" id=\"wpforms-submit-131\" class=\"wpforms-submit\" data-alt-text=\"L\u00e4hetet\u00e4\u00e4n...\" data-submit-text=\"L\u00e4het\u00e4\" aria-live=\"assertive\" value=\"wpforms-submit\">L\u00e4het\u00e4<\/button><img loading=\"lazy\" decoding=\"async\" src=\"https:\/\/lucasfix.fi\/wp-content\/plugins\/wpforms-lite\/assets\/images\/submit-spin.svg\" class=\"wpforms-submit-spinner\" style=\"display: none;\" width=\"26\" height=\"26\" alt=\"Loading\"><\/div><\/form><\/div>  <!-- .wpforms-container -->","protected":false},"excerpt":{"rendered":"<p>Ota meihin yhteytt\u00e4 alla olevalla lomakkeella saadakseesi ilmaisen tarjouksen ja n\u00e4hd\u00e4kseesi, onko korjaus mahdollista.<\/p>\n","protected":false},"author":1,"featured_media":0,"parent":0,"menu_order":0,"comment_status":"closed","ping_status":"closed","template":"","meta":{"neve_meta_sidebar":"","neve_meta_container":"","neve_meta_enable_content_width":"","neve_meta_content_width":0,"neve_meta_title_alignment":"","neve_meta_author_avatar":"","neve_post_elements_order":"","neve_meta_disable_header":"","neve_meta_disable_footer":"","neve_meta_disable_title":"","footnotes":""},"class_list":["post-107","page","type-page","status-publish","hentry"],"_links":{"self":[{"href":"https:\/\/lucasfix.fi\/index.php\/wp-json\/wp\/v2\/pages\/107","targetHints":{"allow":["GET"]}}],"collection":[{"href":"https:\/\/lucasfix.fi\/index.php\/wp-json\/wp\/v2\/pages"}],"about":[{"href":"https:\/\/lucasfix.fi\/index.php\/wp-json\/wp\/v2\/types\/page"}],"author":[{"embeddable":true,"href":"https:\/\/lucasfix.fi\/index.php\/wp-json\/wp\/v2\/users\/1"}],"replies":[{"embeddable":true,"href":"https:\/\/lucasfix.fi\/index.php\/wp-json\/wp\/v2\/comments?post=107"}],"version-history":[{"count":11,"href":"https:\/\/lucasfix.fi\/index.php\/wp-json\/wp\/v2\/pages\/107\/revisions"}],"predecessor-version":[{"id":505,"href":"https:\/\/lucasfix.fi\/index.php\/wp-json\/wp\/v2\/pages\/107\/revisions\/505"}],"wp:attachment":[{"href":"https:\/\/lucasfix.fi\/index.php\/wp-json\/wp\/v2\/media?parent=107"}],"curies":[{"name":"wp","href":"https:\/\/api.w.org\/{rel}","templated":true}]}}